{"id":158,"date":"2016-06-13T14:19:05","date_gmt":"2016-06-13T14:19:05","guid":{"rendered":"https:\/\/acaville.com.pe\/?post_type=product&#038;p=158"},"modified":"2024-07-24T21:48:22","modified_gmt":"2024-07-24T21:48:22","slug":"light-olive-oil","status":"publish","type":"product","link":"https:\/\/acaville.com.pe\/index.php\/product\/light-olive-oil\/","title":{"rendered":"Vinagre Bals\u00e1mico"},"content":{"rendered":"<p>El vinagre bals\u00e1mico est\u00e1 hecho a partir del mosto de la uva, de un l\u00edquido oscuro con sabor agridulce. Es ideal para ali\u00f1ar tus ensaladas y elaborar vinagretas, se emplea mucho para aderezar <strong>c<\/strong>arnes asadas y verduras, as\u00ed como tambi\u00e9n para cocinar\u00a0platos calientes.<\/p>\n<p>El vinagre bals\u00e1mico Acaville puede ayudarte a alcanzar la sutileza y la exquisitez en tus platos. Reduce la hipertensi\u00f3n, ayudando a prevenir enfermedades card\u00edacas, es un desinfectante natural y un b\u00e1lsamo de belleza.<\/p>\n<p>Presentaciones:<\/p>\n<ul>\n<li>Botella de 250 mL<\/li>\n<li>Botella de 500 mL<\/li>\n<li>Galonera de 3.9 L<\/li>\n<\/ul>\n","protected":false},"excerpt":{"rendered":"<p>El vinagre bals\u00e1mico est\u00e1 hecho a partir del mosto de la uva, de un l\u00edquido oscuro con sabor agridulce. Es ideal para ali\u00f1ar tus ensaladas y elaborar vinagretas, se emplea mucho para aderezar <strong>c<\/strong>arnes asadas y verduras, as\u00ed como tambi\u00e9n para cocinar\u00a0platos calientes.<br \/>\nEl vinagre bals\u00e1mico Acaville puede ayudarte a alcanzar la sutileza y la exquisitez en tus platos. Reduce la hipertensi\u00f3n, ayudando a prevenir enfermedades card\u00edacas, es un desinfectante natural y un b\u00e1lsamo de belleza.<\/p>\n","protected":false},"featured_media":1031,"template":"","meta":[],"class_list":{"0":"post-158","1":"product","2":"type-product","3":"status-publish","4":"has-post-thumbnail","6":"product_cat-uncategorized","7":"product_tag-flavor","8":"product_tag-intensity","10":"first","11":"instock","12":"shipping-taxable","13":"product-type-simple"},"_links":{"self":[{"href":"https:\/\/acaville.com.pe\/index.php\/wp-json\/wp\/v2\/product\/158"}],"collection":[{"href":"https:\/\/acaville.com.pe\/index.php\/wp-json\/wp\/v2\/product"}],"about":[{"href":"https:\/\/acaville.com.pe\/index.php\/wp-json\/wp\/v2\/types\/product"}],"wp:featuredmedia":[{"embeddable":true,"href":"https:\/\/acaville.com.pe\/index.php\/wp-json\/wp\/v2\/media\/1031"}],"wp:attachment":[{"href":"https:\/\/acaville.com.pe\/index.php\/wp-json\/wp\/v2\/media?parent=158"}],"curies":[{"name":"wp","href":"https:\/\/api.w.org\/{rel}","templated":true}]}}