{"id":44,"date":"2016-06-10T11:06:26","date_gmt":"2016-06-10T11:06:26","guid":{"rendered":"https:\/\/acaville.com.pe\/?page_id=44"},"modified":"2016-07-01T12:52:04","modified_gmt":"2016-07-01T12:52:04","slug":"masonry-2-columns","status":"publish","type":"page","link":"https:\/\/acaville.com.pe\/index.php\/masonry-2-columns\/","title":{"rendered":"Masonry 2 columns"},"content":{"rendered":"<p>[vc_row][vc_column]<div id=\"sc_blogger_1879864602\" class=\"sc_blogger layout_masonry_2 template_masonry  sc_blogger_horizontal\"><div class=\"isotope_wrap\" data-columns=\"2\">\t\t<div class=\"isotope_item isotope_item_masonry isotope_item_masonry_2 isotope_column_2\t\t\t\t\t\">\n\t\t\t<div class=\"post_item post_item_masonry post_item_masonry_2\t\t\t\t  post_format_standard odd\">\n\t\t\t\t\n\t\t\t\t\t\t\t\t\t<div class=\"post_featured\">\n\t\t\t\t\t\t\t<div class=\"post_thumb\" data-image=\"https:\/\/acaville.com.pe\/wp-content\/uploads\/2018\/12\/image-13-500x500website.jpg\" data-title=\"Acaville S.A.C. ha obtenido la certificaci\u00f3n de BPMG con el cofinanciamiento de Inn\u00f3vate Per\u00fa\">\n\t<a class=\"hover_icon hover_icon_link\" href=\"https:\/\/acaville.com.pe\/index.php\/2016\/06\/10\/certificacion\/\"><img loading=\"lazy\" decoding=\"async\" class=\"wp-post-image\" width=\"500\" height=\"500\" alt=\"Acaville S.A.C. ha obtenido la certificaci\u00f3n de BPMG con el cofinanciamiento de Inn\u00f3vate Per\u00fa\" src=\"https:\/\/acaville.com.pe\/wp-content\/uploads\/2018\/12\/image-13-500x500website.jpg\"><\/a>\t<\/div>\n\t\t\t\t\t\t<\/div>\n\t\t\t\t\n\t\t\t\t<div class=\"post_content isotope_item_content\">\n\t\t\t\t\t\n\t\t\t\t\t<div class=\"post_info\">\n\t\t\t<span class=\"post_info_item post_info_posted\"> <a href=\"https:\/\/acaville.com.pe\/index.php\/2016\/06\/10\/certificacion\/\" class=\"post_info_date\">June 10, 2016<\/a><\/span>\n\t\t<\/div>\t\t\t\t\t\t\t<h5 class=\"post_title\"><a href=\"https:\/\/acaville.com.pe\/index.php\/2016\/06\/10\/certificacion\/\">Acaville S.A.C. ha obtenido la certificaci\u00f3n de BPMG con el cofinanciamiento de Inn\u00f3vate Per\u00fa<\/a><\/h5>\n\t\t\t\t\t\t\t\n\t\t\t\t\t<div class=\"post_descr\">\n\t\t\t\t\t\t<p>Lorem ipsum dolor sit amet, id suscipit vituperatoribus has. An dicat solet delenit ius, eam te tale convenire, mundi populo nam ea. Vis etiam...<\/p><a href=\"https:\/\/acaville.com.pe\/index.php\/2016\/06\/10\/certificacion\/\" class=\"post_readmore sc_button sc_button_size_small sc_button_style_filled\">Read more<\/a>\t\t\t\t\t<\/div>\n\n\t\t\t\t<\/div>\t\t\t\t<!-- \/.post_content -->\n\t\t\t<\/div>\t<!-- \/.post_item -->\n\t\t<\/div>\t\t\t\t\t\t<!-- \/.isotope_item -->\n\t\t\t\t<div class=\"isotope_item isotope_item_masonry isotope_item_masonry_2 isotope_column_2\t\t\t\t\t\">\n\t\t\t<div class=\"post_item post_item_masonry post_item_masonry_2\t\t\t\t  post_format_standard even\">\n\t\t\t\t\n\t\t\t\t\t\t\t\t\t<div class=\"post_featured\">\n\t\t\t\t\t\t\t<div class=\"post_thumb\" data-image=\"https:\/\/acaville.com.pe\/wp-content\/uploads\/2018\/11\/24232254_1545943788776826_390128347231589096_n.jpg\" data-title=\"Mensajes saludables.\">\n\t<a class=\"hover_icon hover_icon_link\" href=\"https:\/\/acaville.com.pe\/index.php\/2016\/06\/10\/producers-of-the-best-greek-olive-oils\/\"><img loading=\"lazy\" decoding=\"async\" class=\"wp-post-image\" width=\"370\" height=\"493\" alt=\"Mensajes saludables.\" src=\"https:\/\/acaville.com.pe\/wp-content\/uploads\/2018\/11\/24232254_1545943788776826_390128347231589096_n-370x493.jpg\"><\/a>\t<\/div>\n\t\t\t\t\t\t<\/div>\n\t\t\t\t\n\t\t\t\t<div class=\"post_content isotope_item_content\">\n\t\t\t\t\t\n\t\t\t\t\t<div class=\"post_info\">\n\t\t\t<span class=\"post_info_item post_info_posted\"> <a href=\"https:\/\/acaville.com.pe\/index.php\/2016\/06\/10\/producers-of-the-best-greek-olive-oils\/\" class=\"post_info_date\">June 10, 2016<\/a><\/span>\n\t\t<\/div>\t\t\t\t\t\t\t<h5 class=\"post_title\"><a href=\"https:\/\/acaville.com.pe\/index.php\/2016\/06\/10\/producers-of-the-best-greek-olive-oils\/\">Mensajes saludables.<\/a><\/h5>\n\t\t\t\t\t\t\t\n\t\t\t\t\t<div class=\"post_descr\">\n\t\t\t\t\t\t<p>Lorem ipsum dolor sit amet, id suscipit vituperatoribus has. An dicat solet delenit ius, eam te tale convenire, mundi populo nam ea. Vis etiam...<\/p><a href=\"https:\/\/acaville.com.pe\/index.php\/2016\/06\/10\/producers-of-the-best-greek-olive-oils\/\" class=\"post_readmore sc_button sc_button_size_small sc_button_style_filled\">Read more<\/a>\t\t\t\t\t<\/div>\n\n\t\t\t\t<\/div>\t\t\t\t<!-- \/.post_content -->\n\t\t\t<\/div>\t<!-- \/.post_item -->\n\t\t<\/div>\t\t\t\t\t\t<!-- \/.isotope_item -->\n\t\t\t\t<div class=\"isotope_item isotope_item_masonry isotope_item_masonry_2 isotope_column_2\t\t\t\t\t\">\n\t\t\t<div class=\"post_item post_item_masonry post_item_masonry_2\t\t\t\t  post_format_standard odd\">\n\t\t\t\t\n\t\t\t\t\t\t\t\t\t<div class=\"post_featured\">\n\t\t\t\t\t\t\t<div class=\"post_thumb\" data-image=\"https:\/\/acaville.com.pe\/wp-content\/uploads\/2018\/11\/12118628_10150563878264995_1316768755965711982_n.jpg\" data-title=\"Deporte y buena alimentaci\u00f3n\">\n\t<a class=\"hover_icon hover_icon_link\" href=\"https:\/\/acaville.com.pe\/index.php\/2016\/06\/10\/how-olive-oil-fits-in-a-healthy-lifestyle\/\"><img loading=\"lazy\" decoding=\"async\" class=\"wp-post-image\" width=\"370\" height=\"658\" alt=\"Deporte y buena alimentaci\u00f3n\" src=\"https:\/\/acaville.com.pe\/wp-content\/uploads\/2018\/11\/12118628_10150563878264995_1316768755965711982_n-370x658.jpg\"><\/a>\t<\/div>\n\t\t\t\t\t\t<\/div>\n\t\t\t\t\n\t\t\t\t<div class=\"post_content isotope_item_content\">\n\t\t\t\t\t\n\t\t\t\t\t<div class=\"post_info\">\n\t\t\t<span class=\"post_info_item post_info_posted\"> <a href=\"https:\/\/acaville.com.pe\/index.php\/2016\/06\/10\/how-olive-oil-fits-in-a-healthy-lifestyle\/\" class=\"post_info_date\">June 10, 2016<\/a><\/span>\n\t\t<\/div>\t\t\t\t\t\t\t<h5 class=\"post_title\"><a href=\"https:\/\/acaville.com.pe\/index.php\/2016\/06\/10\/how-olive-oil-fits-in-a-healthy-lifestyle\/\">Deporte y buena alimentaci\u00f3n<\/a><\/h5>\n\t\t\t\t\t\t\t\n\t\t\t\t\t<div class=\"post_descr\">\n\t\t\t\t\t\t<p>Lorem ipsum dolor sit amet, id suscipit vituperatoribus has. An dicat solet delenit ius, eam te tale convenire, mundi populo nam ea. Vis etiam...<\/p><a href=\"https:\/\/acaville.com.pe\/index.php\/2016\/06\/10\/how-olive-oil-fits-in-a-healthy-lifestyle\/\" class=\"post_readmore sc_button sc_button_size_small sc_button_style_filled\">Read more<\/a>\t\t\t\t\t<\/div>\n\n\t\t\t\t<\/div>\t\t\t\t<!-- \/.post_content -->\n\t\t\t<\/div>\t<!-- \/.post_item -->\n\t\t<\/div>\t\t\t\t\t\t<!-- \/.isotope_item -->\n\t\t\t\t<div class=\"isotope_item isotope_item_masonry isotope_item_masonry_2 isotope_column_2\t\t\t\t\t\">\n\t\t\t<div class=\"post_item post_item_masonry post_item_masonry_2\t\t\t\t  post_format_standard even\">\n\t\t\t\t\n\t\t\t\t\t\t\t\t\t<div class=\"post_featured\">\n\t\t\t\t\t\t\t<div class=\"post_thumb\" data-image=\"https:\/\/acaville.com.pe\/wp-content\/uploads\/2018\/11\/20292590_1431383966899476_4029055450231773963_n.jpg\" data-title=\"Simple, sano, delicioso.\">\n\t<a class=\"hover_icon hover_icon_link\" href=\"https:\/\/acaville.com.pe\/index.php\/2016\/06\/10\/3-ingredients-that-make-cooking-easier-and-faster\/\"><img loading=\"lazy\" decoding=\"async\" class=\"wp-post-image\" width=\"370\" height=\"493\" alt=\"Simple, sano, delicioso.\" src=\"https:\/\/acaville.com.pe\/wp-content\/uploads\/2018\/11\/20292590_1431383966899476_4029055450231773963_n-370x493.jpg\"><\/a>\t<\/div>\n\t\t\t\t\t\t<\/div>\n\t\t\t\t\n\t\t\t\t<div class=\"post_content isotope_item_content\">\n\t\t\t\t\t\n\t\t\t\t\t<div class=\"post_info\">\n\t\t\t<span class=\"post_info_item post_info_posted\"> <a href=\"https:\/\/acaville.com.pe\/index.php\/2016\/06\/10\/3-ingredients-that-make-cooking-easier-and-faster\/\" class=\"post_info_date\">June 10, 2016<\/a><\/span>\n\t\t<\/div>\t\t\t\t\t\t\t<h5 class=\"post_title\"><a href=\"https:\/\/acaville.com.pe\/index.php\/2016\/06\/10\/3-ingredients-that-make-cooking-easier-and-faster\/\">Simple, sano, delicioso.<\/a><\/h5>\n\t\t\t\t\t\t\t\n\t\t\t\t\t<div class=\"post_descr\">\n\t\t\t\t\t\t<p>Lorem ipsum dolor sit amet, id suscipit vituperatoribus has. An dicat solet delenit ius, eam te tale convenire, mundi populo nam ea. Vis etiam...<\/p><a href=\"https:\/\/acaville.com.pe\/index.php\/2016\/06\/10\/3-ingredients-that-make-cooking-easier-and-faster\/\" class=\"post_readmore sc_button sc_button_size_small sc_button_style_filled\">Read more<\/a>\t\t\t\t\t<\/div>\n\n\t\t\t\t<\/div>\t\t\t\t<!-- \/.post_content -->\n\t\t\t<\/div>\t<!-- \/.post_item -->\n\t\t<\/div>\t\t\t\t\t\t<!-- \/.isotope_item -->\n\t\t\t\t<div class=\"isotope_item isotope_item_masonry isotope_item_masonry_2 isotope_column_2\t\t\t\t\t\">\n\t\t\t<div class=\"post_item post_item_masonry post_item_masonry_2\t\t\t\t  post_format_standard odd\">\n\t\t\t\t\n\t\t\t\t\t\t\t\t\t<div class=\"post_featured\">\n\t\t\t\t\t\t\t<div class=\"post_thumb\" data-image=\"https:\/\/acaville.com.pe\/wp-content\/uploads\/2018\/11\/46362839_1964291173608750_2794323697215733760_n.jpg\" data-title=\"Actividad y salud\">\n\t<a class=\"hover_icon hover_icon_link\" href=\"https:\/\/acaville.com.pe\/index.php\/2016\/06\/10\/5-things-you-didnt-know-you-could-do-with-olive-oil\/\"><img loading=\"lazy\" decoding=\"async\" class=\"wp-post-image\" width=\"370\" height=\"493\" alt=\"Actividad y salud\" src=\"https:\/\/acaville.com.pe\/wp-content\/uploads\/2018\/11\/46362839_1964291173608750_2794323697215733760_n-370x493.jpg\"><\/a>\t<\/div>\n\t\t\t\t\t\t<\/div>\n\t\t\t\t\n\t\t\t\t<div class=\"post_content isotope_item_content\">\n\t\t\t\t\t\n\t\t\t\t\t<div class=\"post_info\">\n\t\t\t<span class=\"post_info_item post_info_posted\"> <a href=\"https:\/\/acaville.com.pe\/index.php\/2016\/06\/10\/5-things-you-didnt-know-you-could-do-with-olive-oil\/\" class=\"post_info_date\">June 10, 2016<\/a><\/span>\n\t\t<\/div>\t\t\t\t\t\t\t<h5 class=\"post_title\"><a href=\"https:\/\/acaville.com.pe\/index.php\/2016\/06\/10\/5-things-you-didnt-know-you-could-do-with-olive-oil\/\">Actividad y salud<\/a><\/h5>\n\t\t\t\t\t\t\t\n\t\t\t\t\t<div class=\"post_descr\">\n\t\t\t\t\t\t<p>Lorem ipsum dolor sit amet, id suscipit vituperatoribus has. An dicat solet delenit ius, eam te tale convenire, mundi populo nam ea. Vis etiam...<\/p><a href=\"https:\/\/acaville.com.pe\/index.php\/2016\/06\/10\/5-things-you-didnt-know-you-could-do-with-olive-oil\/\" class=\"post_readmore sc_button sc_button_size_small sc_button_style_filled\">Read more<\/a>\t\t\t\t\t<\/div>\n\n\t\t\t\t<\/div>\t\t\t\t<!-- \/.post_content -->\n\t\t\t<\/div>\t<!-- \/.post_item -->\n\t\t<\/div>\t\t\t\t\t\t<!-- \/.isotope_item -->\n\t\t\t\t<div class=\"isotope_item isotope_item_masonry isotope_item_masonry_2 isotope_column_2\t\t\t\t\t\">\n\t\t\t<div class=\"post_item post_item_masonry post_item_masonry_2\t\t\t\t  post_format_standard even\">\n\t\t\t\t\n\t\t\t\t\t\t\t\t\t<div class=\"post_featured\">\n\t\t\t\t\t\t\t<div class=\"post_thumb\" data-image=\"https:\/\/acaville.com.pe\/wp-content\/uploads\/2018\/11\/46441693_1964289983608869_1693665257337126912_n.jpg\" data-title=\"Olive Oil is the saviour For Skin\">\n\t<a class=\"hover_icon hover_icon_link\" href=\"https:\/\/acaville.com.pe\/index.php\/2016\/06\/10\/olive-oil-is-the-saviour-for-skin\/\"><img loading=\"lazy\" decoding=\"async\" class=\"wp-post-image\" width=\"370\" height=\"493\" alt=\"Olive Oil is the saviour For Skin\" src=\"https:\/\/acaville.com.pe\/wp-content\/uploads\/2018\/11\/46441693_1964289983608869_1693665257337126912_n-370x493.jpg\"><\/a>\t<\/div>\n\t\t\t\t\t\t<\/div>\n\t\t\t\t\n\t\t\t\t<div class=\"post_content isotope_item_content\">\n\t\t\t\t\t\n\t\t\t\t\t<div class=\"post_info\">\n\t\t\t<span class=\"post_info_item post_info_posted\"> <a href=\"https:\/\/acaville.com.pe\/index.php\/2016\/06\/10\/olive-oil-is-the-saviour-for-skin\/\" class=\"post_info_date\">June 10, 2016<\/a><\/span>\n\t\t<\/div>\t\t\t\t\t\t\t<h5 class=\"post_title\"><a href=\"https:\/\/acaville.com.pe\/index.php\/2016\/06\/10\/olive-oil-is-the-saviour-for-skin\/\">Olive Oil is the saviour For Skin<\/a><\/h5>\n\t\t\t\t\t\t\t\n\t\t\t\t\t<div class=\"post_descr\">\n\t\t\t\t\t\t<p>Lorem ipsum dolor sit amet, id suscipit vituperatoribus has. An dicat solet delenit ius, eam te tale convenire, mundi populo nam ea. Vis etiam...<\/p><a href=\"https:\/\/acaville.com.pe\/index.php\/2016\/06\/10\/olive-oil-is-the-saviour-for-skin\/\" class=\"post_readmore sc_button sc_button_size_small sc_button_style_filled\">Read more<\/a>\t\t\t\t\t<\/div>\n\n\t\t\t\t<\/div>\t\t\t\t<!-- \/.post_content -->\n\t\t\t<\/div>\t<!-- \/.post_item -->\n\t\t<\/div>\t\t\t\t\t\t<!-- \/.isotope_item -->\n\t\t\t\t<div class=\"isotope_item isotope_item_masonry isotope_item_masonry_2 isotope_column_2\t\t\t\t\t\">\n\t\t\t<div class=\"post_item post_item_masonry post_item_masonry_2\t\t\t\t  post_format_standard odd\">\n\t\t\t\t\n\t\t\t\t\t\t\t\t\t<div class=\"post_featured\">\n\t\t\t\t\t\t\t<div class=\"post_thumb\" data-image=\"https:\/\/acaville.com.pe\/wp-content\/uploads\/2018\/11\/12143312_10150563660504995_1570737695726055205_n.jpg\" data-title=\"Saludable y activo\">\n\t<a class=\"hover_icon hover_icon_link\" href=\"https:\/\/acaville.com.pe\/index.php\/2016\/06\/10\/10-secrets-of-olive-oil\/\"><img loading=\"lazy\" decoding=\"async\" class=\"wp-post-image\" width=\"370\" height=\"658\" alt=\"Saludable y activo\" src=\"https:\/\/acaville.com.pe\/wp-content\/uploads\/2018\/11\/12143312_10150563660504995_1570737695726055205_n-370x658.jpg\"><\/a>\t<\/div>\n\t\t\t\t\t\t<\/div>\n\t\t\t\t\n\t\t\t\t<div class=\"post_content isotope_item_content\">\n\t\t\t\t\t\n\t\t\t\t\t<div class=\"post_info\">\n\t\t\t<span class=\"post_info_item post_info_posted\"> <a href=\"https:\/\/acaville.com.pe\/index.php\/2016\/06\/10\/10-secrets-of-olive-oil\/\" class=\"post_info_date\">June 10, 2016<\/a><\/span>\n\t\t<\/div>\t\t\t\t\t\t\t<h5 class=\"post_title\"><a href=\"https:\/\/acaville.com.pe\/index.php\/2016\/06\/10\/10-secrets-of-olive-oil\/\">Saludable y activo<\/a><\/h5>\n\t\t\t\t\t\t\t\n\t\t\t\t\t<div class=\"post_descr\">\n\t\t\t\t\t\t<p>Lorem ipsum dolor sit amet, id suscipit vituperatoribus has. An dicat solet delenit ius, eam te tale convenire, mundi populo nam ea. Vis etiam...<\/p><a href=\"https:\/\/acaville.com.pe\/index.php\/2016\/06\/10\/10-secrets-of-olive-oil\/\" class=\"post_readmore sc_button sc_button_size_small sc_button_style_filled\">Read more<\/a>\t\t\t\t\t<\/div>\n\n\t\t\t\t<\/div>\t\t\t\t<!-- \/.post_content -->\n\t\t\t<\/div>\t<!-- \/.post_item -->\n\t\t<\/div>\t\t\t\t\t\t<!-- \/.isotope_item -->\n\t\t\t\t<div class=\"isotope_item isotope_item_masonry isotope_item_masonry_2 isotope_column_2\t\t\t\t\t\">\n\t\t\t<div class=\"post_item post_item_masonry post_item_masonry_2\t\t\t\t  post_format_standard even\">\n\t\t\t\t\n\t\t\t\t\t\t\t\t\t<div class=\"post_featured\">\n\t\t\t\t\t\t\t<div class=\"post_thumb\" data-image=\"https:\/\/acaville.com.pe\/wp-content\/uploads\/2016\/06\/Lomosaltado.jpg\" data-title=\"Sabores peruanos\">\n\t<a class=\"hover_icon hover_icon_link\" href=\"https:\/\/acaville.com.pe\/index.php\/2016\/06\/10\/5-ways-to-get-your-daily-dose-of-evoo\/\"><img loading=\"lazy\" decoding=\"async\" class=\"wp-post-image\" width=\"370\" height=\"278\" alt=\"Sabores peruanos\" src=\"https:\/\/acaville.com.pe\/wp-content\/uploads\/2016\/06\/Lomosaltado-370x278.jpg\"><\/a>\t<\/div>\n\t\t\t\t\t\t<\/div>\n\t\t\t\t\n\t\t\t\t<div class=\"post_content isotope_item_content\">\n\t\t\t\t\t\n\t\t\t\t\t<div class=\"post_info\">\n\t\t\t<span class=\"post_info_item post_info_posted\"> <a href=\"https:\/\/acaville.com.pe\/index.php\/2016\/06\/10\/5-ways-to-get-your-daily-dose-of-evoo\/\" class=\"post_info_date\">June 10, 2016<\/a><\/span>\n\t\t<\/div>\t\t\t\t\t\t\t<h5 class=\"post_title\"><a href=\"https:\/\/acaville.com.pe\/index.php\/2016\/06\/10\/5-ways-to-get-your-daily-dose-of-evoo\/\">Sabores peruanos<\/a><\/h5>\n\t\t\t\t\t\t\t\n\t\t\t\t\t<div class=\"post_descr\">\n\t\t\t\t\t\t<p>Lorem ipsum dolor sit amet, id suscipit vituperatoribus has. An dicat solet delenit ius, eam te tale convenire, mundi populo nam ea. Vis etiam...<\/p><a href=\"https:\/\/acaville.com.pe\/index.php\/2016\/06\/10\/5-ways-to-get-your-daily-dose-of-evoo\/\" class=\"post_readmore sc_button sc_button_size_small sc_button_style_filled\">Read more<\/a>\t\t\t\t\t<\/div>\n\n\t\t\t\t<\/div>\t\t\t\t<!-- \/.post_content -->\n\t\t\t<\/div>\t<!-- \/.post_item -->\n\t\t<\/div>\t\t\t\t\t\t<!-- \/.isotope_item -->\n\t\t\t\t<div class=\"isotope_item isotope_item_masonry isotope_item_masonry_2 isotope_column_2\t\t\t\t\t\">\n\t\t\t<div class=\"post_item post_item_masonry post_item_masonry_2\t\t\t\t  post_format_standard odd\">\n\t\t\t\t\n\t\t\t\t\t\t\t\t\t<div class=\"post_featured\">\n\t\t\t\t\t\t\t<div class=\"post_thumb\" data-image=\"https:\/\/acaville.com.pe\/wp-content\/uploads\/2016\/06\/24052018112127UK-jornalists-11-17-P1010127.jpg\" data-title=\"El gran sabor\">\n\t<a class=\"hover_icon hover_icon_link\" href=\"https:\/\/acaville.com.pe\/index.php\/2016\/06\/10\/finding-the-best-olive-oils-in-the-world\/\"><img loading=\"lazy\" decoding=\"async\" class=\"wp-post-image\" width=\"370\" height=\"223\" alt=\"El gran sabor\" src=\"https:\/\/acaville.com.pe\/wp-content\/uploads\/2016\/06\/24052018112127UK-jornalists-11-17-P1010127-370x223.jpg\"><\/a>\t<\/div>\n\t\t\t\t\t\t<\/div>\n\t\t\t\t\n\t\t\t\t<div class=\"post_content isotope_item_content\">\n\t\t\t\t\t\n\t\t\t\t\t<div class=\"post_info\">\n\t\t\t<span class=\"post_info_item post_info_posted\"> <a href=\"https:\/\/acaville.com.pe\/index.php\/2016\/06\/10\/finding-the-best-olive-oils-in-the-world\/\" class=\"post_info_date\">June 10, 2016<\/a><\/span>\n\t\t<\/div>\t\t\t\t\t\t\t<h5 class=\"post_title\"><a href=\"https:\/\/acaville.com.pe\/index.php\/2016\/06\/10\/finding-the-best-olive-oils-in-the-world\/\">El gran sabor<\/a><\/h5>\n\t\t\t\t\t\t\t\n\t\t\t\t\t<div class=\"post_descr\">\n\t\t\t\t\t\t<p>Lorem ipsum dolor sit amet, id suscipit vituperatoribus has. An dicat solet delenit ius, eam te tale convenire, mundi populo nam ea. Vis etiam...<\/p><a href=\"https:\/\/acaville.com.pe\/index.php\/2016\/06\/10\/finding-the-best-olive-oils-in-the-world\/\" class=\"post_readmore sc_button sc_button_size_small sc_button_style_filled\">Read more<\/a>\t\t\t\t\t<\/div>\n\n\t\t\t\t<\/div>\t\t\t\t<!-- \/.post_content -->\n\t\t\t<\/div>\t<!-- \/.post_item -->\n\t\t<\/div>\t\t\t\t\t\t<!-- \/.isotope_item -->\n\t\t\t\t<div class=\"isotope_item isotope_item_masonry isotope_item_masonry_2 isotope_column_2\t\t\t\t\t\">\n\t\t\t<div class=\"post_item post_item_masonry post_item_masonry_2\t\t\t\t  post_format_standard even\">\n\t\t\t\t\n\t\t\t\t\t\t\t\t\t<div class=\"post_featured\">\n\t\t\t\t\t\t\t<div class=\"post_thumb\" data-image=\"https:\/\/acaville.com.pe\/wp-content\/uploads\/2016\/06\/24052018112127UK-jornalists-11-17-P1010127.jpg\" data-title=\"Sabe bien, te cuida bien.\">\n\t<a class=\"hover_icon hover_icon_link\" href=\"https:\/\/acaville.com.pe\/index.php\/2016\/06\/10\/4-ways-to-use-fresh-herbs-and-olive-oil\/\"><img loading=\"lazy\" decoding=\"async\" class=\"wp-post-image\" width=\"370\" height=\"223\" alt=\"Sabe bien, te cuida bien.\" src=\"https:\/\/acaville.com.pe\/wp-content\/uploads\/2016\/06\/24052018112127UK-jornalists-11-17-P1010127-370x223.jpg\"><\/a>\t<\/div>\n\t\t\t\t\t\t<\/div>\n\t\t\t\t\n\t\t\t\t<div class=\"post_content isotope_item_content\">\n\t\t\t\t\t\n\t\t\t\t\t<div class=\"post_info\">\n\t\t\t<span class=\"post_info_item post_info_posted\"> <a href=\"https:\/\/acaville.com.pe\/index.php\/2016\/06\/10\/4-ways-to-use-fresh-herbs-and-olive-oil\/\" class=\"post_info_date\">June 10, 2016<\/a><\/span>\n\t\t<\/div>\t\t\t\t\t\t\t<h5 class=\"post_title\"><a href=\"https:\/\/acaville.com.pe\/index.php\/2016\/06\/10\/4-ways-to-use-fresh-herbs-and-olive-oil\/\">Sabe bien, te cuida bien.<\/a><\/h5>\n\t\t\t\t\t\t\t\n\t\t\t\t\t<div class=\"post_descr\">\n\t\t\t\t\t\t<p>Lorem ipsum dolor sit amet, id suscipit vituperatoribus has. An dicat solet delenit ius, eam te tale convenire, mundi populo nam ea. Vis etiam...<\/p><a href=\"https:\/\/acaville.com.pe\/index.php\/2016\/06\/10\/4-ways-to-use-fresh-herbs-and-olive-oil\/\" class=\"post_readmore sc_button sc_button_size_small sc_button_style_filled\">Read more<\/a>\t\t\t\t\t<\/div>\n\n\t\t\t\t<\/div>\t\t\t\t<!-- \/.post_content -->\n\t\t\t<\/div>\t<!-- \/.post_item -->\n\t\t<\/div>\t\t\t\t\t\t<!-- \/.isotope_item -->\n\t\t\t\t<div class=\"isotope_item isotope_item_masonry isotope_item_masonry_2 isotope_column_2\t\t\t\t\t\">\n\t\t\t<div class=\"post_item post_item_masonry post_item_masonry_2\t\t\t\t  post_format_standard odd\">\n\t\t\t\t\n\t\t\t\t\t\t\t\t\t<div class=\"post_featured\">\n\t\t\t\t\t\t\t<div class=\"post_thumb\" data-image=\"https:\/\/acaville.com.pe\/wp-content\/uploads\/2016\/06\/23052018153126Banner-HOME.jpg\" data-title=\"Disfrutando los sabores peruanos\">\n\t<a class=\"hover_icon hover_icon_link\" href=\"https:\/\/acaville.com.pe\/index.php\/2016\/06\/10\/why-olive-oil-is-good-for-you\/\"><img loading=\"lazy\" decoding=\"async\" class=\"wp-post-image\" width=\"370\" height=\"174\" alt=\"Disfrutando los sabores peruanos\" src=\"https:\/\/acaville.com.pe\/wp-content\/uploads\/2016\/06\/23052018153126Banner-HOME-370x174.jpg\"><\/a>\t<\/div>\n\t\t\t\t\t\t<\/div>\n\t\t\t\t\n\t\t\t\t<div class=\"post_content isotope_item_content\">\n\t\t\t\t\t\n\t\t\t\t\t<div class=\"post_info\">\n\t\t\t<span class=\"post_info_item post_info_posted\"> <a href=\"https:\/\/acaville.com.pe\/index.php\/2016\/06\/10\/why-olive-oil-is-good-for-you\/\" class=\"post_info_date\">June 10, 2016<\/a><\/span>\n\t\t<\/div>\t\t\t\t\t\t\t<h5 class=\"post_title\"><a href=\"https:\/\/acaville.com.pe\/index.php\/2016\/06\/10\/why-olive-oil-is-good-for-you\/\">Disfrutando los sabores peruanos<\/a><\/h5>\n\t\t\t\t\t\t\t\n\t\t\t\t\t<div class=\"post_descr\">\n\t\t\t\t\t\t<p>Lorem ipsum dolor sit amet, id suscipit vituperatoribus has. An dicat solet delenit ius, eam te tale convenire, mundi populo nam ea. Vis etiam...<\/p><a href=\"https:\/\/acaville.com.pe\/index.php\/2016\/06\/10\/why-olive-oil-is-good-for-you\/\" class=\"post_readmore sc_button sc_button_size_small sc_button_style_filled\">Read more<\/a>\t\t\t\t\t<\/div>\n\n\t\t\t\t<\/div>\t\t\t\t<!-- \/.post_content -->\n\t\t\t<\/div>\t<!-- \/.post_item -->\n\t\t<\/div>\t\t\t\t\t\t<!-- \/.isotope_item -->\n\t\t\t\t<div class=\"isotope_item isotope_item_masonry isotope_item_masonry_2 isotope_column_2\t\t\t\t\t\">\n\t\t\t<div class=\"post_item post_item_masonry post_item_masonry_2\t\t\t\t  post_format_standard even last\">\n\t\t\t\t\n\t\t\t\t\t\t\t\t\t<div class=\"post_featured\">\n\t\t\t\t\t\t\t<div class=\"post_thumb\" data-image=\"https:\/\/acaville.com.pe\/wp-content\/uploads\/2018\/11\/46441693_1964289983608869_1693665257337126912_n.jpg\" data-title=\"\u00bfUnos piqueos peruanos?\">\n\t<a class=\"hover_icon hover_icon_link\" href=\"https:\/\/acaville.com.pe\/index.php\/2016\/06\/10\/how-is-actually-liquid-gold-made\/\"><img loading=\"lazy\" decoding=\"async\" class=\"wp-post-image\" width=\"370\" height=\"493\" alt=\"\u00bfUnos piqueos peruanos?\" src=\"https:\/\/acaville.com.pe\/wp-content\/uploads\/2018\/11\/46441693_1964289983608869_1693665257337126912_n-370x493.jpg\"><\/a>\t<\/div>\n\t\t\t\t\t\t<\/div>\n\t\t\t\t\n\t\t\t\t<div class=\"post_content isotope_item_content\">\n\t\t\t\t\t\n\t\t\t\t\t<div class=\"post_info\">\n\t\t\t<span class=\"post_info_item post_info_posted\"> <a href=\"https:\/\/acaville.com.pe\/index.php\/2016\/06\/10\/how-is-actually-liquid-gold-made\/\" class=\"post_info_date\">June 10, 2016<\/a><\/span>\n\t\t<\/div>\t\t\t\t\t\t\t<h5 class=\"post_title\"><a href=\"https:\/\/acaville.com.pe\/index.php\/2016\/06\/10\/how-is-actually-liquid-gold-made\/\">\u00bfUnos piqueos peruanos?<\/a><\/h5>\n\t\t\t\t\t\t\t\n\t\t\t\t\t<div class=\"post_descr\">\n\t\t\t\t\t\t<p>Lorem ipsum dolor sit amet, id suscipit vituperatoribus has. An dicat solet delenit ius, eam te tale convenire, mundi populo nam ea. Vis etiam...<\/p><a href=\"https:\/\/acaville.com.pe\/index.php\/2016\/06\/10\/how-is-actually-liquid-gold-made\/\" class=\"post_readmore sc_button sc_button_size_small sc_button_style_filled\">Read more<\/a>\t\t\t\t\t<\/div>\n\n\t\t\t\t<\/div>\t\t\t\t<!-- \/.post_content -->\n\t\t\t<\/div>\t<!-- \/.post_item -->\n\t\t<\/div>\t\t\t\t\t\t<!-- \/.isotope_item -->\n\t\t<\/div><\/div>[\/vc_column][\/vc_row]<\/p>\n","protected":false},"excerpt":{"rendered":"<p>[vc_row][vc_column][\/vc_column][\/vc_row]<\/p>\n","protected":false},"author":1,"featured_media":0,"parent":0,"menu_order":0,"comment_status":"closed","ping_status":"closed","template":"","meta":{"footnotes":""},"class_list":["post-44","page","type-page","status-publish","hentry"],"_links":{"self":[{"href":"https:\/\/acaville.com.pe\/index.php\/wp-json\/wp\/v2\/pages\/44"}],"collection":[{"href":"https:\/\/acaville.com.pe\/index.php\/wp-json\/wp\/v2\/pages"}],"about":[{"href":"https:\/\/acaville.com.pe\/index.php\/wp-json\/wp\/v2\/types\/page"}],"author":[{"embeddable":true,"href":"https:\/\/acaville.com.pe\/index.php\/wp-json\/wp\/v2\/users\/1"}],"replies":[{"embeddable":true,"href":"https:\/\/acaville.com.pe\/index.php\/wp-json\/wp\/v2\/comments?post=44"}],"version-history":[{"count":0,"href":"https:\/\/acaville.com.pe\/index.php\/wp-json\/wp\/v2\/pages\/44\/revisions"}],"wp:attachment":[{"href":"https:\/\/acaville.com.pe\/index.php\/wp-json\/wp\/v2\/media?parent=44"}],"curies":[{"name":"wp","href":"https:\/\/api.w.org\/{rel}","templated":true}]}}